{"id":772,"date":"2020-08-12T12:11:03","date_gmt":"2020-08-12T15:11:03","guid":{"rendered":"http:\/\/www.perontiarquitetura.com.br\/wp\/wordpress\/?page_id=772"},"modified":"2021-10-05T09:30:57","modified_gmt":"2021-10-05T12:30:57","slug":"aeasc","status":"publish","type":"page","link":"https:\/\/www.perontiarquitetura.com.br\/?page_id=772","title":{"rendered":"Sal\u00e3o de Eventos &#8211; AEASC"},"content":{"rendered":"\n<p>A partir de uma t\u00e9cnica construtiva fluida e formas org\u00e2nicas, o sal\u00e3o de eventos da Associa\u00e7\u00e3o de Engenheiros e Arquitetos de S\u00e3o Carlos &#8211; AEASC apresenta um desenho sensorial. A liberdade de cria\u00e7\u00e3o deste projeto se manifesta nas paredes curvas de tijolos, no madeiramento do telhado, nos detalhes em mosaico da ilumina\u00e7\u00e3o. No centro do sal\u00e3o, a fluidez de um desenho em madeira no piso \u00e9 um convite a celebra\u00e7\u00e3o de bons momentos.<\/p>\n\n\n\n<script type=\"text\/javascript\">\r\ndocument.addEventListener(\"DOMContentLoaded\", function(event) { \r\n\tjQuery( '#slider-pro-3-767' ).sliderPro({\r\n\t\t\/\/width\r\n\t\t\t\twidth: \"100%\",\r\n\t\t\t\t\r\n\t\t\/\/height\r\n\t\t\t\tautoHeight: true,\r\n\t\t\t\t\r\n\t\t\/\/auto play\r\n\t\t\t\t\t\tautoplay: true,\r\n\t\tautoplayOnHover: 'pause',\r\n\t\t\t\t\t\tautoplayDelay: 5000,\r\n\t\t\r\n\t\t\r\n\t\tarrows: true,\r\n\t\tbuttons: false,\r\n\t\tsmallSize: 500,\r\n\t\tmediumSize: 1000,\r\n\t\tlargeSize: 3000,\r\n\t\tfade: true,\r\n\t\t\r\n\t\t\/\/thumbnail\r\n\t\tthumbnailArrows: true,\r\n\t\tthumbnailWidth: 120,\r\n\t\tthumbnailHeight: 120,\r\n\t\t\t\t\t\tthumbnailsPosition: 'bottom',\r\n\t\t\t\t\t\tcenterImage: true,\r\n\t\timageScaleMode: 'contain',\r\n\t\tallowScaleUp: true,\r\n\t\t\t\tstartSlide: 0,\r\n\t\tloop: true,\r\n\t\tslideDistance: 5,\r\n\t\tautoplayDirection: 'normal',\r\n\t\ttouchSwipe: true,\r\n\t\tfullScreen: false,\r\n\t});\r\n});\r\n<\/script>\r\n\r\n\t\t<div id=\"slider-pro-3-767\" class=\"slider-pro\">\r\n\t\t\t<!---- slides div start ---->\r\n\t\t\t<div class=\"sp-slides\">\r\n\t\t\t\t\t\t\t\t\t\t<div class=\"sp-slide\">\r\n\t\t\t\t\t\t\t<img decoding=\"async\" class=\"sp-image\" loading=\"lazy\" alt=\"Associa\u00e7\u00e3o de Engenheiros e Arquitetos de S\u00e3o Carlos - AEASC\" src=\"https:\/\/www.perontiarquitetura.com.br\/wp-content\/plugins\/ultimate-responsive-image-slider\/assets\/css\/images\/blank.gif\" data-src=\"https:\/\/www.perontiarquitetura.com.br\/wp-content\/uploads\/2020\/08\/MG_3647-scaled.jpg\" \/>\r\n\r\n\t\t\t\t\t\t\t\r\n\t\t\t\t\t\t\t\t\t\t\t\t\t<\/div>\r\n\t\t\t\t\t\t\t\t\t\t\t\t<div class=\"sp-slide\">\r\n\t\t\t\t\t\t\t<img decoding=\"async\" class=\"sp-image\" loading=\"lazy\" alt=\"Associa\u00e7\u00e3o de Engenheiros e Arquitetos de S\u00e3o Carlos - AEASC\" src=\"https:\/\/www.perontiarquitetura.com.br\/wp-content\/plugins\/ultimate-responsive-image-slider\/assets\/css\/images\/blank.gif\" data-src=\"https:\/\/www.perontiarquitetura.com.br\/wp-content\/uploads\/2020\/08\/MG_3603-HDR-2-scaled.jpg\" \/>\r\n\r\n\t\t\t\t\t\t\t\r\n\t\t\t\t\t\t\t\t\t\t\t\t\t<\/div>\r\n\t\t\t\t\t\t\t\t\t\t\t\t<div class=\"sp-slide\">\r\n\t\t\t\t\t\t\t<img decoding=\"async\" class=\"sp-image\" loading=\"lazy\" alt=\"_MG_3651-HDR\" src=\"https:\/\/www.perontiarquitetura.com.br\/wp-content\/plugins\/ultimate-responsive-image-slider\/assets\/css\/images\/blank.gif\" data-src=\"https:\/\/www.perontiarquitetura.com.br\/wp-content\/uploads\/2020\/08\/MG_3651-HDR-scaled.jpg\" \/>\r\n\r\n\t\t\t\t\t\t\t\r\n\t\t\t\t\t\t\t\t\t\t\t\t\t<\/div>\r\n\t\t\t\t\t\t\t\t\t\t\t\t<div class=\"sp-slide\">\r\n\t\t\t\t\t\t\t<img decoding=\"async\" class=\"sp-image\" loading=\"lazy\" alt=\"Associa\u00e7\u00e3o de Engenheiros e Arquitetos de S\u00e3o Carlos - AEASC\" src=\"https:\/\/www.perontiarquitetura.com.br\/wp-content\/plugins\/ultimate-responsive-image-slider\/assets\/css\/images\/blank.gif\" data-src=\"https:\/\/www.perontiarquitetura.com.br\/wp-content\/uploads\/2020\/08\/MG_3606-HDR-2-scaled.jpg\" \/>\r\n\r\n\t\t\t\t\t\t\t\r\n\t\t\t\t\t\t\t\t\t\t\t\t\t<\/div>\r\n\t\t\t\t\t\t\t\t\t\t\t\t<div class=\"sp-slide\">\r\n\t\t\t\t\t\t\t<img decoding=\"async\" class=\"sp-image\" loading=\"lazy\" alt=\"Associa\u00e7\u00e3o de Engenheiros e Arquitetos de S\u00e3o Carlos - AEASC\" src=\"https:\/\/www.perontiarquitetura.com.br\/wp-content\/plugins\/ultimate-responsive-image-slider\/assets\/css\/images\/blank.gif\" data-src=\"https:\/\/www.perontiarquitetura.com.br\/wp-content\/uploads\/2020\/08\/MG_3642-scaled.jpg\" \/>\r\n\r\n\t\t\t\t\t\t\t\r\n\t\t\t\t\t\t\t\t\t\t\t\t\t<\/div>\r\n\t\t\t\t\t\t\t\t\t<\/div>\r\n\t\t\t\r\n\t\t\t<!---- slides div end ---->\r\n\t\t\t\t\t\t<!-- slides thumbnails div start -->\r\n\t\t\t<div class=\"sp-thumbnails\">\r\n\t\t\t\t\t\t\t\t\t\t<img decoding=\"async\" class=\"sp-thumbnail\" loading=\"lazy\" src=\"https:\/\/www.perontiarquitetura.com.br\/wp-content\/plugins\/ultimate-responsive-image-slider\/assets\/img\/loading.gif\" data-src=\"https:\/\/www.perontiarquitetura.com.br\/wp-content\/uploads\/2020\/08\/MG_3647-300x225.jpg\" alt=\"Associa\u00e7\u00e3o de Engenheiros e Arquitetos de S\u00e3o Carlos - AEASC\"\/>\r\n\t\t\t\t\t\t\t\t\t\t\t<img decoding=\"async\" class=\"sp-thumbnail\" loading=\"lazy\" src=\"https:\/\/www.perontiarquitetura.com.br\/wp-content\/plugins\/ultimate-responsive-image-slider\/assets\/img\/loading.gif\" data-src=\"https:\/\/www.perontiarquitetura.com.br\/wp-content\/uploads\/2020\/08\/MG_3603-HDR-2-300x225.jpg\" alt=\"Associa\u00e7\u00e3o de Engenheiros e Arquitetos de S\u00e3o Carlos - AEASC\"\/>\r\n\t\t\t\t\t\t\t\t\t\t\t<img decoding=\"async\" class=\"sp-thumbnail\" loading=\"lazy\" src=\"https:\/\/www.perontiarquitetura.com.br\/wp-content\/plugins\/ultimate-responsive-image-slider\/assets\/img\/loading.gif\" data-src=\"https:\/\/www.perontiarquitetura.com.br\/wp-content\/uploads\/2020\/08\/MG_3651-HDR-300x225.jpg\" alt=\"_MG_3651-HDR\"\/>\r\n\t\t\t\t\t\t\t\t\t\t\t<img decoding=\"async\" class=\"sp-thumbnail\" loading=\"lazy\" src=\"https:\/\/www.perontiarquitetura.com.br\/wp-content\/plugins\/ultimate-responsive-image-slider\/assets\/img\/loading.gif\" data-src=\"https:\/\/www.perontiarquitetura.com.br\/wp-content\/uploads\/2020\/08\/MG_3606-HDR-2-300x225.jpg\" alt=\"Associa\u00e7\u00e3o de Engenheiros e Arquitetos de S\u00e3o Carlos - AEASC\"\/>\r\n\t\t\t\t\t\t\t\t\t\t\t<img decoding=\"async\" class=\"sp-thumbnail\" loading=\"lazy\" src=\"https:\/\/www.perontiarquitetura.com.br\/wp-content\/plugins\/ultimate-responsive-image-slider\/assets\/img\/loading.gif\" data-src=\"https:\/\/www.perontiarquitetura.com.br\/wp-content\/uploads\/2020\/08\/MG_3642-300x225.jpg\" alt=\"Associa\u00e7\u00e3o de Engenheiros e Arquitetos de S\u00e3o Carlos - AEASC\"\/>\r\n\t\t\t\t\t\t\t\t<\/div>\r\n\t\t\t\t\t\t<!-- slides thumbnails div end -->\r\n\t\t<\/div>\r\n\t\t<style>\r\n\/* Layout 3 *\/\r\n\/* border *\/\r\n#slider-pro-3-767 .sp-selected-thumbnail {\r\n\tborder: 4px solid #ffffff;\r\n}\r\n\r\n\/* font + color *\/\r\n.title-in  {\r\n\tfont-family: Arial !important;\r\n\tcolor: #FFFFFF !important;\r\n\tbackground-color: #000000 !important;\r\n\topacity: 0.7 !important;\r\n}\r\n.desc-in  {\r\n\tfont-family: Arial !important;\r\n\tcolor: #FFFFFF !important;\r\n\tbackground-color: #00000 !important;\r\n\topacity: 0.7 !important;\r\n}\r\n\r\n\/* bullets color *\/\r\n.sp-button  {\r\n\tborder: 2px solid #000000 !important;\r\n}\r\n.sp-selected-button  {\r\n\tbackground-color: #000000 !important;\r\n}\r\n\r\n\/* pointer color - bottom *\/\r\n.sp-selected-thumbnail::before {\r\n\tborder-bottom: 5px solid #ffffff !important;\r\n}\r\n.sp-selected-thumbnail::after {\r\n\tborder-bottom: 13px solid #ffffff !important;\r\n}\r\n\r\n\/* pointer color - top *\/\r\n\r\n\/* full screen icon *\/\r\n.sp-full-screen-button::before {\r\n    color: #FFFFFF !important;\r\n}\r\n\r\n\/* hover navigation icon color *\/\r\n.sp-next-arrow::after, .sp-next-arrow::before {\r\n\tbackground-color: #FFFFFF !important;\r\n}\r\n.sp-previous-arrow::after, .sp-previous-arrow::before {\r\n\tbackground-color: #FFFFFF !important;\r\n}\r\n\r\n#slider-pro-3-767 .title-in {\r\n\tcolor: #FFFFFF !important;\r\n\tfont-weight: bolder;\r\n\ttext-align: center;\r\n}\r\n\r\n#slider-pro-3-767 .title-in-bg {\r\n\tbackground: rgba(255, 255, 255, 0.7); !important;\r\n\twhite-space: unset !important;\r\n\ttransform: initial !important;\r\n\t-webkit-transform: initial !important;\r\n\tfont-size: 14px !important;\r\n}\r\n\r\n#slider-pro-3-767 .desc-in {\r\n\tcolor: #FFFFFF !important;\r\n\ttext-align: center;\r\n}\r\n#slider-pro-3-767 .desc-in-bg {\r\n\tbackground: rgba(#00000, 0.7) !important;\r\n\twhite-space: unset !important;\r\n\ttransform: initial !important;\r\n\t-webkit-transform: initial !important;\r\n\tfont-size: 13px !important;\r\n}\r\n\r\n@media (max-width: 640px) {\r\n\t#slider-pro-3-767 .hide-small-screen {\r\n\t\tdisplay: none;\r\n\t}\r\n}\r\n\r\n@media (max-width: 860px) {\r\n\t#slider-pro-3-767 .sp-layer {\r\n\t\tfont-size: 18px;\r\n\t}\r\n\t\r\n\t#slider-pro-3-767 .hide-medium-screen {\r\n\t\tdisplay: none;\r\n\t}\r\n}\r\n.slides-not-found {\r\n\tbackground-color: #a92929;\r\n\tborder-radius: 5px;\r\n\tcolor: #fff;\r\n\tfont-family: initial;\r\n\ttext-align: center;\r\n\tpadding:12px;\r\n}\r\n\/* Custom CSS *\/\r\n<\/style>\r\n\n\n\n\n<p class=\"has-text-align-right\">foto: Thiago Guedes<\/p>\n","protected":false},"excerpt":{"rendered":"<p>A partir de uma t\u00e9cnica construtiva fluida e formas org\u00e2nicas, o sal\u00e3o de eventos da Associa\u00e7\u00e3o de Engenheiros e Arquitetos de S\u00e3o Carlos &#8211; AEASC apresenta um desenho sensorial. A liberdade de cria\u00e7\u00e3o deste projeto se manifesta nas paredes curvas de tijolos, no madeiramento do telhado, nos detalhes em mosaico da ilumina\u00e7\u00e3o. No centro do &hellip; <\/p>\n<p class=\"link-more\"><a href=\"https:\/\/www.perontiarquitetura.com.br\/?p=767\" class=\"more-link\">Continue lendo<span class=\"screen-reader-text\"> &#8220;Associa\u00e7\u00e3o de Engenheiros e Arquitetos de S\u00e3o Carlos &#8211; AEASC&#8221;<\/span><\/a><\/p>\n","protected":false},"author":1,"featured_media":0,"parent":0,"menu_order":0,"comment_status":"closed","ping_status":"closed","template":"","meta":{"footnotes":""},"_links":{"self":[{"href":"https:\/\/www.perontiarquitetura.com.br\/index.php?rest_route=\/wp\/v2\/pages\/772"}],"collection":[{"href":"https:\/\/www.perontiarquitetura.com.br\/index.php?rest_route=\/wp\/v2\/pages"}],"about":[{"href":"https:\/\/www.perontiarquitetura.com.br\/index.php?rest_route=\/wp\/v2\/types\/page"}],"author":[{"embeddable":true,"href":"https:\/\/www.perontiarquitetura.com.br\/index.php?rest_route=\/wp\/v2\/users\/1"}],"replies":[{"embeddable":true,"href":"https:\/\/www.perontiarquitetura.com.br\/index.php?rest_route=%2Fwp%2Fv2%2Fcomments&post=772"}],"version-history":[{"count":5,"href":"https:\/\/www.perontiarquitetura.com.br\/index.php?rest_route=\/wp\/v2\/pages\/772\/revisions"}],"predecessor-version":[{"id":998,"href":"https:\/\/www.perontiarquitetura.com.br\/index.php?rest_route=\/wp\/v2\/pages\/772\/revisions\/998"}],"wp:attachment":[{"href":"https:\/\/www.perontiarquitetura.com.br\/index.php?rest_route=%2Fwp%2Fv2%2Fmedia&parent=772"}],"curies":[{"name":"wp","href":"https:\/\/api.w.org\/{rel}","templated":true}]}}